{"id":9829,"date":"2025-08-20T11:59:31","date_gmt":"2025-08-20T09:59:31","guid":{"rendered":"https:\/\/www.asf-brandenburg.de\/asf_wp\/?page_id=9829"},"modified":"2025-08-20T12:14:19","modified_gmt":"2025-08-20T10:14:19","slug":"migrationssozialarbeit","status":"publish","type":"page","link":"https:\/\/www.asf-brandenburg.de\/asf_wp\/migrationssozialarbeit\/","title":{"rendered":"Migrationssozialarbeit"},"content":{"rendered":"<div class=\"fusion-fullwidth fullwidth-box fusion-builder-row-1 fusion-flex-container has-pattern-background has-mask-background nonhundred-percent-fullwidth non-hundred-percent-height-scrolling\" style=\"--awb-border-radius-top-left:0px;--awb-border-radius-top-right:0px;--awb-border-radius-bottom-right:0px;--awb-border-radius-bottom-left:0px;--awb-flex-wrap:wrap;\" ><div class=\"fusion-builder-row fusion-row fusion-flex-align-items-flex-start fusion-flex-content-wrap\" style=\"max-width:1331.2px;margin-left: calc(-4% \/ 2 );margin-right: calc(-4% \/ 2 );\"><div class=\"fusion-layout-column fusion_builder_column fusion-builder-column-0 fusion_builder_column_1_4 1_4 fusion-flex-column\" style=\"--awb-bg-size:cover;--awb-width-large:25%;--awb-margin-top-large:0px;--awb-spacing-right-large:7.68%;--awb-margin-bottom-large:20px;--awb-spacing-left-large:7.68%;--awb-width-medium:100%;--awb-order-medium:0;--awb-spacing-right-medium:1.92%;--awb-spacing-left-medium:1.92%;--awb-width-small:100%;--awb-order-small:0;--awb-spacing-right-small:1.92%;--awb-spacing-left-small:1.92%;\"><div class=\"fusion-column-wrapper fusion-column-has-shadow fusion-flex-justify-content-flex-start fusion-content-layout-column\"><div class=\"fusion-widget-area awb-widget-area-element fusion-widget-area-1 fusion-content-widget-area\" style=\"--awb-title-size:22px;--awb-title-color:#303030;--awb-padding:0px 0px 0px 0px;\">\t\t\t<div class=\"textwidget\"><h3>Einrichtungen<\/h3>\n<\/div>\n\t\t<style type=\"text\/css\" data-id=\"avada-vertical-menu-widget-8\">#avada-vertical-menu-widget-8 > ul.menu { margin-top: -8px; }<\/style><style>#fusion-vertical-menu-widget-avada-vertical-menu-widget-8-nav ul.menu li a {font-size:13px;}<\/style><nav id=\"fusion-vertical-menu-widget-avada-vertical-menu-widget-8-nav\" class=\"fusion-vertical-menu-widget fusion-menu hover left no-border\" aria-label=\"Secondary Navigation: \"><ul id=\"menu-einrichtungen\" class=\"menu\"><li id=\"menu-item-264\" class=\"menu-item menu-item-type-post_type menu-item-object-page menu-item-264\"><a href=\"https:\/\/www.asf-brandenburg.de\/asf_wp\/einrichtungen\/ambulante-erziehungshilfen\/\"><span class=\"link-text\"> Ambulante Erziehungshilfen<\/span><span class=\"arrow\"><\/span><\/a><\/li><li id=\"menu-item-335\" class=\"menu-item menu-item-type-post_type menu-item-object-page menu-item-335\"><a href=\"https:\/\/www.asf-brandenburg.de\/asf_wp\/einrichtungen\/eingliederungshilfe\/\"><span class=\"link-text\"> Eingliederungshilfe<\/span><span class=\"arrow\"><\/span><\/a><\/li><li id=\"menu-item-620\" class=\"menu-item menu-item-type-post_type menu-item-object-page menu-item-620\"><a href=\"https:\/\/www.asf-brandenburg.de\/asf_wp\/einrichtungen\/eltern-kind-gruppe\/\"><span class=\"link-text\"> Eltern-Kind-Gruppe<\/span><span class=\"arrow\"><\/span><\/a><\/li><li id=\"menu-item-265\" class=\"menu-item menu-item-type-post_type menu-item-object-page menu-item-265\"><a href=\"https:\/\/www.asf-brandenburg.de\/asf_wp\/einrichtungen\/erziehungs-und-familienberatungsstelle\/\"><span class=\"link-text\"> Erziehungs- und Familienberatungsstelle<\/span><span class=\"arrow\"><\/span><\/a><\/li><li id=\"menu-item-577\" class=\"menu-item menu-item-type-post_type menu-item-object-page menu-item-577\"><a href=\"https:\/\/www.asf-brandenburg.de\/asf_wp\/einrichtungen\/familientreff-spremberg\/\"><span class=\"link-text\"> Familientreff Spremberg<\/span><span class=\"arrow\"><\/span><\/a><\/li><li id=\"menu-item-579\" class=\"menu-item menu-item-type-post_type menu-item-object-page menu-item-579\"><a href=\"https:\/\/www.asf-brandenburg.de\/asf_wp\/einrichtungen\/familientreff-welzow\/\"><span class=\"link-text\"> Familientreff Welzow<\/span><span class=\"arrow\"><\/span><\/a><\/li><li id=\"menu-item-263\" class=\"menu-item menu-item-type-post_type menu-item-object-page menu-item-263\"><a href=\"https:\/\/www.asf-brandenburg.de\/asf_wp\/einrichtungen\/fruehfoerder-und-beratungsstelle\/\"><span class=\"link-text\"> Fr\u00fchf\u00f6rder- und Beratungsstelle<\/span><span class=\"arrow\"><\/span><\/a><\/li><li id=\"menu-item-613\" class=\"menu-item menu-item-type-post_type menu-item-object-page menu-item-613\"><a href=\"https:\/\/www.asf-brandenburg.de\/asf_wp\/einrichtungen\/hort-sellessen-haidemuehl\/\"><span class=\"link-text\"> Hort Sellessen \/ Haidem\u00fchl<\/span><span class=\"arrow\"><\/span><\/a><\/li><li id=\"menu-item-337\" class=\"menu-item menu-item-type-post_type menu-item-object-page menu-item-337\"><a href=\"https:\/\/www.asf-brandenburg.de\/asf_wp\/einrichtungen\/kiss-spremberg\/\"><span class=\"link-text\"> KISS Spremberg (Kontakt- und Informationsstelle Selbsthilfe)<\/span><span class=\"arrow\"><\/span><\/a><\/li><li id=\"menu-item-980\" class=\"menu-item menu-item-type-post_type menu-item-object-page menu-item-has-children menu-item-980\"><a href=\"https:\/\/www.asf-brandenburg.de\/asf_wp\/einrichtungen\/kita_graustein\/\"><span class=\"link-text\"> Kitas<\/span><span class=\"arrow\"><\/span><\/a><ul class=\"sub-menu\"><li id=\"menu-item-334\" class=\"menu-item menu-item-type-post_type menu-item-object-page menu-item-334\"><a href=\"https:\/\/www.asf-brandenburg.de\/asf_wp\/einrichtungen\/kita_graustein\/\"><span class=\"link-text\"> Kita Graustein<\/span><span class=\"arrow\"><\/span><\/a><\/li><li id=\"menu-item-333\" class=\"menu-item menu-item-type-post_type menu-item-object-page menu-item-333\"><a href=\"https:\/\/www.asf-brandenburg.de\/asf_wp\/einrichtungen\/kita-gross-luja\/\"><span class=\"link-text\"> Kita Gro\u00df Luja<\/span><span class=\"arrow\"><\/span><\/a><\/li><li id=\"menu-item-336\" class=\"menu-item menu-item-type-post_type menu-item-object-page menu-item-336\"><a href=\"https:\/\/www.asf-brandenburg.de\/asf_wp\/einrichtungen\/kita-hummelnest\/\"><span class=\"link-text\"> Kita &#8222;Hummelnest&#8220;<\/span><span class=\"arrow\"><\/span><\/a><\/li><li id=\"menu-item-367\" class=\"menu-item menu-item-type-post_type menu-item-object-page menu-item-367\"><a href=\"https:\/\/www.asf-brandenburg.de\/asf_wp\/einrichtungen\/kita-schwarze-pumpe\/\"><span class=\"link-text\"> Kita Schwarze Pumpe<\/span><span class=\"arrow\"><\/span><\/a><\/li><\/ul><\/li><li id=\"menu-item-586\" class=\"menu-item menu-item-type-post_type menu-item-object-page menu-item-586\"><a href=\"https:\/\/www.asf-brandenburg.de\/asf_wp\/einrichtungen\/offener-jugendtreff-spremberg-2\/\"><span class=\"link-text\"> Offener Jugendtreff Spremberg<\/span><span class=\"arrow\"><\/span><\/a><\/li><li id=\"menu-item-653\" class=\"menu-item menu-item-type-post_type menu-item-object-page menu-item-653\"><a href=\"https:\/\/www.asf-brandenburg.de\/asf_wp\/einrichtungen\/offene-werkstatt-spremberg\/\"><span class=\"link-text\"> Offene Werkstatt Spremberg<\/span><span class=\"arrow\"><\/span><\/a><\/li><li id=\"menu-item-262\" class=\"menu-item menu-item-type-post_type menu-item-object-page menu-item-262\"><a href=\"https:\/\/www.asf-brandenburg.de\/asf_wp\/einrichtungen\/praxis-fuer-logopaedie\/\"><span class=\"link-text\"> Praxis f\u00fcr Logop\u00e4die<\/span><span class=\"arrow\"><\/span><\/a><\/li><li id=\"menu-item-607\" class=\"menu-item menu-item-type-post_type menu-item-object-page menu-item-607\"><a href=\"https:\/\/www.asf-brandenburg.de\/asf_wp\/einrichtungen\/schulsozialarbeit\/\"><span class=\"link-text\"> Schulsozialarbeit<\/span><span class=\"arrow\"><\/span><\/a><\/li><li id=\"menu-item-6021\" class=\"menu-item menu-item-type-post_type menu-item-object-page menu-item-6021\"><a href=\"https:\/\/www.asf-brandenburg.de\/asf_wp\/einrichtungen\/stadtchor-spremberg\/\"><span class=\"link-text\"> Stadtchor Spremberg<\/span><span class=\"arrow\"><\/span><\/a><\/li><li id=\"menu-item-2130\" class=\"menu-item menu-item-type-post_type menu-item-object-page menu-item-has-children menu-item-2130\"><a href=\"https:\/\/www.asf-brandenburg.de\/asf_wp\/einrichtungen\/tafel-projekte\/\"><span class=\"link-text\"> Tafel-Projekte<\/span><span class=\"arrow\"><\/span><\/a><ul class=\"sub-menu\"><li id=\"menu-item-1454\" class=\"menu-item menu-item-type-post_type menu-item-object-page menu-item-1454\"><a href=\"https:\/\/www.asf-brandenburg.de\/asf_wp\/einrichtungen\/tafel-projekte\/tafel-spremberg\/\"><span class=\"link-text\"> Tafel Spremberg<\/span><span class=\"arrow\"><\/span><\/a><\/li><li id=\"menu-item-2135\" class=\"menu-item menu-item-type-post_type menu-item-object-page menu-item-2135\"><a href=\"https:\/\/www.asf-brandenburg.de\/asf_wp\/einrichtungen\/tafel-projekte\/tafel-cottbus\/\"><span class=\"link-text\"> Tafel Cottbus<\/span><span class=\"arrow\"><\/span><\/a><\/li><li id=\"menu-item-2134\" class=\"menu-item menu-item-type-post_type menu-item-object-page menu-item-2134\"><a href=\"https:\/\/www.asf-brandenburg.de\/asf_wp\/einrichtungen\/tafel-projekte\/tafel-welzow\/\"><span class=\"link-text\"> Tafel Welzow<\/span><span class=\"arrow\"><\/span><\/a><\/li><li id=\"menu-item-2133\" class=\"menu-item menu-item-type-post_type menu-item-object-page menu-item-2133\"><a href=\"https:\/\/www.asf-brandenburg.de\/asf_wp\/einrichtungen\/tafel-projekte\/tafel-drebkau\/\"><span class=\"link-text\"> Tafel Drebkau<\/span><span class=\"arrow\"><\/span><\/a><\/li><li id=\"menu-item-2132\" class=\"menu-item menu-item-type-post_type menu-item-object-page menu-item-2132\"><a href=\"https:\/\/www.asf-brandenburg.de\/asf_wp\/einrichtungen\/tafel-projekte\/tafel-luckau-mit-ausgabestelle-golssen\/\"><span class=\"link-text\"> Tafel Luckau mit Ausgabestelle Gol\u00dfen<\/span><span class=\"arrow\"><\/span><\/a><\/li><li id=\"menu-item-2131\" class=\"menu-item menu-item-type-post_type menu-item-object-page menu-item-2131\"><a href=\"https:\/\/www.asf-brandenburg.de\/asf_wp\/einrichtungen\/tafel-projekte\/tafel-luebben\/\"><span class=\"link-text\"> Tafel L\u00fcbben<\/span><span class=\"arrow\"><\/span><\/a><\/li><\/ul><\/li><li id=\"menu-item-652\" class=\"menu-item menu-item-type-post_type menu-item-object-page menu-item-652\"><a href=\"https:\/\/www.asf-brandenburg.de\/asf_wp\/einrichtungen\/tages-und-ferienbetreuung\/\"><span class=\"link-text\"> Tages- und Ferienbetreuung<\/span><span class=\"arrow\"><\/span><\/a><\/li><li id=\"menu-item-338\" class=\"menu-item menu-item-type-post_type menu-item-object-page menu-item-338\"><a href=\"https:\/\/www.asf-brandenburg.de\/asf_wp\/einrichtungen\/taeter-opfer-ausgleich\/\"><span class=\"link-text\"> Vermittlungsstelle T\u00e4ter-Opfer-Ausgleich<\/span><span class=\"arrow\"><\/span><\/a><\/li><\/ul><\/nav>Get Social\n\t\t<div class=\"fusion-social-networks\">\n\n\t\t\t<div class=\"fusion-social-networks-wrapper\">\n\t\t\t\t\t\t\t\t\t\t\t\t\n\t\t\t<\/div>\n\t\t<\/div>\n\n\t\t<div class=\"fusion-additional-widget-content\"><\/div><\/div><\/div><\/div><div class=\"fusion-layout-column fusion_builder_column fusion-builder-column-1 fusion_builder_column_3_4 3_4 fusion-flex-column\" style=\"--awb-bg-size:cover;--awb-width-large:75%;--awb-margin-top-large:0px;--awb-spacing-right-large:2.56%;--awb-margin-bottom-large:20px;--awb-spacing-left-large:2.56%;--awb-width-medium:100%;--awb-order-medium:0;--awb-spacing-right-medium:1.92%;--awb-spacing-left-medium:1.92%;--awb-width-small:100%;--awb-order-small:0;--awb-spacing-right-small:1.92%;--awb-spacing-left-small:1.92%;\"><div class=\"fusion-column-wrapper fusion-column-has-shadow fusion-flex-justify-content-flex-start fusion-content-layout-column\"><div class=\"fusion-image-element \" style=\"--awb-caption-title-font-family:var(--h2_typography-font-family);--awb-caption-title-font-weight:var(--h2_typography-font-weight);--awb-caption-title-font-style:var(--h2_typography-font-style);--awb-caption-title-size:var(--h2_typography-font-size);--awb-caption-title-transform:var(--h2_typography-text-transform);--awb-caption-title-line-height:var(--h2_typography-line-height);--awb-caption-title-letter-spacing:var(--h2_typography-letter-spacing);\"><span class=\" fusion-imageframe imageframe-none imageframe-1 hover-type-none\"><img decoding=\"async\" width=\"2560\" height=\"1707\" title=\"People stacking hands together in the park\" src=\"https:\/\/www.asf-brandenburg.de\/asf_wp\/wp-content\/uploads\/2025\/08\/leute-die-zusammen-hande-im-park-stapeln-scaled.jpg\" alt class=\"img-responsive wp-image-9831\" srcset=\"https:\/\/www.asf-brandenburg.de\/asf_wp\/wp-content\/uploads\/2025\/08\/leute-die-zusammen-hande-im-park-stapeln-200x133.jpg 200w, https:\/\/www.asf-brandenburg.de\/asf_wp\/wp-content\/uploads\/2025\/08\/leute-die-zusammen-hande-im-park-stapeln-400x267.jpg 400w, https:\/\/www.asf-brandenburg.de\/asf_wp\/wp-content\/uploads\/2025\/08\/leute-die-zusammen-hande-im-park-stapeln-600x400.jpg 600w, https:\/\/www.asf-brandenburg.de\/asf_wp\/wp-content\/uploads\/2025\/08\/leute-die-zusammen-hande-im-park-stapeln-800x533.jpg 800w, https:\/\/www.asf-brandenburg.de\/asf_wp\/wp-content\/uploads\/2025\/08\/leute-die-zusammen-hande-im-park-stapeln-1200x800.jpg 1200w, https:\/\/www.asf-brandenburg.de\/asf_wp\/wp-content\/uploads\/2025\/08\/leute-die-zusammen-hande-im-park-stapeln-scaled.jpg 2560w\" sizes=\"(max-width: 1280px) 100vw, (max-width: 770px) 100vw, 1200px\" \/><\/span><\/div><div class=\"fusion-separator fusion-full-width-sep\" style=\"align-self: center;margin-left: auto;margin-right: auto;width:100%;\"><\/div><div class=\"fusion-title title fusion-title-1 fusion-sep-none fusion-title-text fusion-title-size-one\" style=\"--awb-margin-top-small:0px;--awb-margin-right-small:0px;--awb-margin-bottom-small:20px;--awb-margin-left-small:0px;\"><h1 class=\"fusion-title-heading title-heading-left fusion-responsive-typography-calculated\" style=\"margin:0;--fontSize:35;line-height:1.4;\">Migrationssozialdienst<\/h1><\/div><div class=\"fusion-text fusion-text-1\"><p><span id=\"zitat\" class=\"zitat\">\u00bbMit dem Herzen zu denken, ist die rechte Art f\u00fcr die Menschen.\u00ab Albert Schweitzer<\/span><\/p>\n<\/div><div class=\"fusion-builder-row fusion-builder-row-inner fusion-row fusion-flex-align-items-flex-start fusion-flex-content-wrap\" style=\"--awb-flex-grow:0;--awb-flex-grow-medium:0;--awb-flex-grow-small:0;--awb-flex-shrink:0;--awb-flex-shrink-medium:0;--awb-flex-shrink-small:0;width:104% !important;max-width:104% !important;margin-left: calc(-4% \/ 2 );margin-right: calc(-4% \/ 2 );\"><div class=\"fusion-layout-column fusion_builder_column_inner fusion-builder-nested-column-0 fusion_builder_column_inner_2_3 2_3 fusion-flex-column\" style=\"--awb-bg-size:cover;--awb-width-large:66.6666666667%;--awb-margin-top-large:0px;--awb-spacing-right-large:2.88%;--awb-margin-bottom-large:20px;--awb-spacing-left-large:2.88%;--awb-width-medium:100%;--awb-order-medium:0;--awb-spacing-right-medium:1.92%;--awb-spacing-left-medium:1.92%;--awb-width-small:100%;--awb-order-small:0;--awb-spacing-right-small:1.92%;--awb-spacing-left-small:1.92%;\"><div class=\"fusion-column-wrapper fusion-column-has-shadow fusion-flex-justify-content-flex-start fusion-content-layout-column\"><div class=\"fusion-text fusion-text-2\"><p>Die Migrationssozialarbeit im Albert-Schweitzer-Familienwerk Brandenburg begleitet Menschen aus vielen L\u00e4ndern, die aufgrund unterschiedlicher Ereignisse derzeit gezwungen sind, bei uns Zuflucht zu suchen.<\/p>\n<p>Ein vierk\u00f6pfiges p\u00e4dagogisches Team begleitet die Familien und Alleinreisende und hilft<\/p>\n<ul>\n<li>in allen Fragen des allt\u00e4glichen Lebens,<\/li>\n<li>im Umgang mit den Beh\u00f6rden und der Justiz<\/li>\n<li>bei der Suche einer Wohnung und eines Arbeitsplatzes<\/li>\n<li>beim der Vermittlung von Sprachkursen, Kita- und Schulpl\u00e4tzen,<\/li>\n<li>bei der F\u00fchrung des eigenen Haushalts<\/li>\n<li>und steht als seelsorgerliche Betreuung zur Verf\u00fcgung.<\/li>\n<\/ul>\n<p>In zwei Wohnh\u00e4usern in Spremberg leben bis zu Menschen in gemeinschaftlichen Unterk\u00fcnften, bis ihr Antrag auf Asyl entschieden wurde und der Aufenthaltsstatus gekl\u00e4rt ist.<\/p>\n<p>Derzeit betreuen wir Personen aus 12 L\u00e4ndern mit ganz unterschiedlichen Kulturen, Lebensinhalten, Religionen und Biografien.<\/p>\n<p>Das Zusammenleben ist entsprechend bunt und vielf\u00e4ltig, sowie spannend und lehrreich.<\/p>\n<\/div><\/div><\/div><div class=\"fusion-layout-column fusion_builder_column_inner fusion-builder-nested-column-1 fusion_builder_column_inner_1_3 1_3 fusion-flex-column\" style=\"--awb-bg-size:cover;--awb-width-large:33.3333333333%;--awb-margin-top-large:0px;--awb-spacing-right-large:5.76%;--awb-margin-bottom-large:20px;--awb-spacing-left-large:5.76%;--awb-width-medium:100%;--awb-order-medium:0;--awb-spacing-right-medium:1.92%;--awb-spacing-left-medium:1.92%;--awb-width-small:100%;--awb-order-small:0;--awb-spacing-right-small:1.92%;--awb-spacing-left-small:1.92%;\"><div class=\"fusion-column-wrapper fusion-column-has-shadow fusion-flex-justify-content-flex-start fusion-content-layout-column\"><div class=\"fusion-reading-box-container reading-box-container-1\" style=\"--awb-title-color:#303030;--awb-margin-top:0px;--awb-margin-bottom:84px;\"><div class=\"reading-box\" style=\"background-color:#f6f6f6;border-width:1px;border-color:#f6f6f6;border-left-width:3px;border-left-color:var(--primary_color);border-style:solid;\"><h2>Kontakt<\/h2><div class=\"reading-box-additional fusion-reading-box-additional\">\n<p><strong>ASF \u201eMigrationssozialarbeit\u201c<\/strong><\/p>\n<p>Schomberg 5 &amp; 7<br \/>\n03130 Spremberg<\/p>\n<p>Handy: 0151\/64759014<\/p>\n<p>E-Mail: <a href=\"mailto: migrationssozialarbeit@asf-brandenburg.de\">migrationssozialarbeit@asf-brandenburg.de<\/a><\/p>\n<p><strong>Ansprechpartnerin<br \/>\n<\/strong><br \/>\nFrau Dajana Baum<\/p>\n<p>Dipl. Sozialp\u00e4dagogin<\/p>\n<p><strong>Erreichbarkeit<\/strong><\/p>\n<p>Mo. \u2013 Fr. 9.00 \u2013 15.00 Uhr<\/p>\n<\/div><div class=\"fusion-clearfix\"><\/div><\/div><\/div><\/div><\/div><\/div><\/div><\/div><\/div><\/div>\n","protected":false},"excerpt":{"rendered":"","protected":false},"author":2,"featured_media":0,"parent":0,"menu_order":0,"comment_status":"closed","ping_status":"closed","template":"","meta":{"inline_featured_image":false,"footnotes":""},"class_list":["post-9829","page","type-page","status-publish","hentry"],"yoast_head":"<!-- This site is optimized with the Yoast SEO plugin v27.4 - https:\/\/yoast.com\/product\/yoast-seo-wordpress\/ -->\n<title>Migrationssozialarbeit - Albert-Schweitzer-Familienwerk Brandenburg e.V.<\/title>\n<meta name=\"robots\" content=\"index, follow, max-snippet:-1, max-image-preview:large, max-video-preview:-1\" \/>\n<link rel=\"canonical\" href=\"https:\/\/www.asf-brandenburg.de\/asf_wp\/migrationssozialarbeit\/\" \/>\n<meta property=\"og:locale\" content=\"de_DE\" \/>\n<meta property=\"og:type\" content=\"article\" \/>\n<meta property=\"og:title\" content=\"Migrationssozialarbeit - Albert-Schweitzer-Familienwerk Brandenburg e.V.\" \/>\n<meta property=\"og:url\" content=\"https:\/\/www.asf-brandenburg.de\/asf_wp\/migrationssozialarbeit\/\" \/>\n<meta property=\"og:site_name\" content=\"Albert-Schweitzer-Familienwerk Brandenburg e.V.\" \/>\n<meta property=\"article:publisher\" content=\"https:\/\/www.facebook.com\/AlbertSchweitzerFamilienwerkBrandenburg\" \/>\n<meta property=\"article:modified_time\" content=\"2025-08-20T10:14:19+00:00\" \/>\n<meta name=\"twitter:card\" content=\"summary_large_image\" \/>\n<meta name=\"twitter:label1\" content=\"Gesch\u00e4tzte Lesezeit\" \/>\n\t<meta name=\"twitter:data1\" content=\"2\u00a0Minuten\" \/>\n<script type=\"application\/ld+json\" class=\"yoast-schema-graph\">{\"@context\":\"https:\\\/\\\/schema.org\",\"@graph\":[{\"@type\":\"WebPage\",\"@id\":\"https:\\\/\\\/www.asf-brandenburg.de\\\/asf_wp\\\/migrationssozialarbeit\\\/\",\"url\":\"https:\\\/\\\/www.asf-brandenburg.de\\\/asf_wp\\\/migrationssozialarbeit\\\/\",\"name\":\"Migrationssozialarbeit - Albert-Schweitzer-Familienwerk Brandenburg e.V.\",\"isPartOf\":{\"@id\":\"https:\\\/\\\/www.asf-brandenburg.de\\\/asf_wp\\\/#website\"},\"datePublished\":\"2025-08-20T09:59:31+00:00\",\"dateModified\":\"2025-08-20T10:14:19+00:00\",\"breadcrumb\":{\"@id\":\"https:\\\/\\\/www.asf-brandenburg.de\\\/asf_wp\\\/migrationssozialarbeit\\\/#breadcrumb\"},\"inLanguage\":\"de\",\"potentialAction\":[{\"@type\":\"ReadAction\",\"target\":[\"https:\\\/\\\/www.asf-brandenburg.de\\\/asf_wp\\\/migrationssozialarbeit\\\/\"]}]},{\"@type\":\"BreadcrumbList\",\"@id\":\"https:\\\/\\\/www.asf-brandenburg.de\\\/asf_wp\\\/migrationssozialarbeit\\\/#breadcrumb\",\"itemListElement\":[{\"@type\":\"ListItem\",\"position\":1,\"name\":\"Startseite\",\"item\":\"https:\\\/\\\/www.asf-brandenburg.de\\\/asf_wp\\\/\"},{\"@type\":\"ListItem\",\"position\":2,\"name\":\"Migrationssozialarbeit\"}]},{\"@type\":\"WebSite\",\"@id\":\"https:\\\/\\\/www.asf-brandenburg.de\\\/asf_wp\\\/#website\",\"url\":\"https:\\\/\\\/www.asf-brandenburg.de\\\/asf_wp\\\/\",\"name\":\"Albert-Schweitzer-Kinderd\u00f6rfer und Familienwerke Brandenburg e. V.\",\"description\":\"\",\"publisher\":{\"@id\":\"https:\\\/\\\/www.asf-brandenburg.de\\\/asf_wp\\\/#organization\"},\"potentialAction\":[{\"@type\":\"SearchAction\",\"target\":{\"@type\":\"EntryPoint\",\"urlTemplate\":\"https:\\\/\\\/www.asf-brandenburg.de\\\/asf_wp\\\/?s={search_term_string}\"},\"query-input\":{\"@type\":\"PropertyValueSpecification\",\"valueRequired\":true,\"valueName\":\"search_term_string\"}}],\"inLanguage\":\"de\"},{\"@type\":\"Organization\",\"@id\":\"https:\\\/\\\/www.asf-brandenburg.de\\\/asf_wp\\\/#organization\",\"name\":\"Albert-Schweitzer-Familienwerk Brandenburg e. V.\",\"url\":\"https:\\\/\\\/www.asf-brandenburg.de\\\/asf_wp\\\/\",\"logo\":{\"@type\":\"ImageObject\",\"inLanguage\":\"de\",\"@id\":\"https:\\\/\\\/www.asf-brandenburg.de\\\/asf_wp\\\/#\\\/schema\\\/logo\\\/image\\\/\",\"url\":\"https:\\\/\\\/www.asf-brandenburg.de\\\/asf_wp\\\/wp-content\\\/uploads\\\/2018\\\/08\\\/Logo_ASF_BRB_318x107.png\",\"contentUrl\":\"https:\\\/\\\/www.asf-brandenburg.de\\\/asf_wp\\\/wp-content\\\/uploads\\\/2018\\\/08\\\/Logo_ASF_BRB_318x107.png\",\"width\":318,\"height\":107,\"caption\":\"Albert-Schweitzer-Familienwerk Brandenburg e. V.\"},\"image\":{\"@id\":\"https:\\\/\\\/www.asf-brandenburg.de\\\/asf_wp\\\/#\\\/schema\\\/logo\\\/image\\\/\"},\"sameAs\":[\"https:\\\/\\\/www.facebook.com\\\/AlbertSchweitzerFamilienwerkBrandenburg\",\"https:\\\/\\\/www.youtube.com\\\/@asfbrandenburg\",\"https:\\\/\\\/www.instagram.com\\\/asf_brandenburg\\\/\"]}]}<\/script>\n<!-- \/ Yoast SEO plugin. -->","yoast_head_json":{"title":"Migrationssozialarbeit - Albert-Schweitzer-Familienwerk Brandenburg e.V.","robots":{"index":"index","follow":"follow","max-snippet":"max-snippet:-1","max-image-preview":"max-image-preview:large","max-video-preview":"max-video-preview:-1"},"canonical":"https:\/\/www.asf-brandenburg.de\/asf_wp\/migrationssozialarbeit\/","og_locale":"de_DE","og_type":"article","og_title":"Migrationssozialarbeit - Albert-Schweitzer-Familienwerk Brandenburg e.V.","og_url":"https:\/\/www.asf-brandenburg.de\/asf_wp\/migrationssozialarbeit\/","og_site_name":"Albert-Schweitzer-Familienwerk Brandenburg e.V.","article_publisher":"https:\/\/www.facebook.com\/AlbertSchweitzerFamilienwerkBrandenburg","article_modified_time":"2025-08-20T10:14:19+00:00","twitter_card":"summary_large_image","twitter_misc":{"Gesch\u00e4tzte Lesezeit":"2\u00a0Minuten"},"schema":{"@context":"https:\/\/schema.org","@graph":[{"@type":"WebPage","@id":"https:\/\/www.asf-brandenburg.de\/asf_wp\/migrationssozialarbeit\/","url":"https:\/\/www.asf-brandenburg.de\/asf_wp\/migrationssozialarbeit\/","name":"Migrationssozialarbeit - Albert-Schweitzer-Familienwerk Brandenburg e.V.","isPartOf":{"@id":"https:\/\/www.asf-brandenburg.de\/asf_wp\/#website"},"datePublished":"2025-08-20T09:59:31+00:00","dateModified":"2025-08-20T10:14:19+00:00","breadcrumb":{"@id":"https:\/\/www.asf-brandenburg.de\/asf_wp\/migrationssozialarbeit\/#breadcrumb"},"inLanguage":"de","potentialAction":[{"@type":"ReadAction","target":["https:\/\/www.asf-brandenburg.de\/asf_wp\/migrationssozialarbeit\/"]}]},{"@type":"BreadcrumbList","@id":"https:\/\/www.asf-brandenburg.de\/asf_wp\/migrationssozialarbeit\/#breadcrumb","itemListElement":[{"@type":"ListItem","position":1,"name":"Startseite","item":"https:\/\/www.asf-brandenburg.de\/asf_wp\/"},{"@type":"ListItem","position":2,"name":"Migrationssozialarbeit"}]},{"@type":"WebSite","@id":"https:\/\/www.asf-brandenburg.de\/asf_wp\/#website","url":"https:\/\/www.asf-brandenburg.de\/asf_wp\/","name":"Albert-Schweitzer-Kinderd\u00f6rfer und Familienwerke Brandenburg e. V.","description":"","publisher":{"@id":"https:\/\/www.asf-brandenburg.de\/asf_wp\/#organization"},"potentialAction":[{"@type":"SearchAction","target":{"@type":"EntryPoint","urlTemplate":"https:\/\/www.asf-brandenburg.de\/asf_wp\/?s={search_term_string}"},"query-input":{"@type":"PropertyValueSpecification","valueRequired":true,"valueName":"search_term_string"}}],"inLanguage":"de"},{"@type":"Organization","@id":"https:\/\/www.asf-brandenburg.de\/asf_wp\/#organization","name":"Albert-Schweitzer-Familienwerk Brandenburg e. V.","url":"https:\/\/www.asf-brandenburg.de\/asf_wp\/","logo":{"@type":"ImageObject","inLanguage":"de","@id":"https:\/\/www.asf-brandenburg.de\/asf_wp\/#\/schema\/logo\/image\/","url":"https:\/\/www.asf-brandenburg.de\/asf_wp\/wp-content\/uploads\/2018\/08\/Logo_ASF_BRB_318x107.png","contentUrl":"https:\/\/www.asf-brandenburg.de\/asf_wp\/wp-content\/uploads\/2018\/08\/Logo_ASF_BRB_318x107.png","width":318,"height":107,"caption":"Albert-Schweitzer-Familienwerk Brandenburg e. V."},"image":{"@id":"https:\/\/www.asf-brandenburg.de\/asf_wp\/#\/schema\/logo\/image\/"},"sameAs":["https:\/\/www.facebook.com\/AlbertSchweitzerFamilienwerkBrandenburg","https:\/\/www.youtube.com\/@asfbrandenburg","https:\/\/www.instagram.com\/asf_brandenburg\/"]}]}},"_links":{"self":[{"href":"https:\/\/www.asf-brandenburg.de\/asf_wp\/wp-json\/wp\/v2\/pages\/9829","targetHints":{"allow":["GET"]}}],"collection":[{"href":"https:\/\/www.asf-brandenburg.de\/asf_wp\/wp-json\/wp\/v2\/pages"}],"about":[{"href":"https:\/\/www.asf-brandenburg.de\/asf_wp\/wp-json\/wp\/v2\/types\/page"}],"author":[{"embeddable":true,"href":"https:\/\/www.asf-brandenburg.de\/asf_wp\/wp-json\/wp\/v2\/users\/2"}],"replies":[{"embeddable":true,"href":"https:\/\/www.asf-brandenburg.de\/asf_wp\/wp-json\/wp\/v2\/comments?post=9829"}],"version-history":[{"count":4,"href":"https:\/\/www.asf-brandenburg.de\/asf_wp\/wp-json\/wp\/v2\/pages\/9829\/revisions"}],"predecessor-version":[{"id":9836,"href":"https:\/\/www.asf-brandenburg.de\/asf_wp\/wp-json\/wp\/v2\/pages\/9829\/revisions\/9836"}],"wp:attachment":[{"href":"https:\/\/www.asf-brandenburg.de\/asf_wp\/wp-json\/wp\/v2\/media?parent=9829"}],"curies":[{"name":"wp","href":"https:\/\/api.w.org\/{rel}","templated":true}]}}