{"id":384,"date":"2019-03-14T10:27:18","date_gmt":"2019-03-14T09:27:18","guid":{"rendered":"https:\/\/www.asf-brandenburg.de\/asf_wp\/?page_id=384"},"modified":"2026-04-14T12:55:36","modified_gmt":"2026-04-14T10:55:36","slug":"hort-lhl","status":"publish","type":"page","link":"https:\/\/www.asf-brandenburg.de\/asf_wp\/lausitzer_haus_des_lernens\/hort-lhl\/","title":{"rendered":"Hort des Lausitzer Haus des Lernens"},"content":{"rendered":"<div class=\"fusion-fullwidth fullwidth-box fusion-builder-row-1 nonhundred-percent-fullwidth non-hundred-percent-height-scrolling\" style=\"--awb-background-position:left top;--awb-border-sizes-top:0px;--awb-border-sizes-bottom:0px;--awb-border-sizes-left:0px;--awb-border-sizes-right:0px;--awb-border-radius-top-left:0px;--awb-border-radius-top-right:0px;--awb-border-radius-bottom-right:0px;--awb-border-radius-bottom-left:0px;--awb-padding-top:10px;--awb-padding-bottom:0px;--awb-flex-wrap:wrap;\" ><div class=\"fusion-builder-row fusion-row\"><div class=\"fusion-layout-column fusion_builder_column fusion-builder-column-0 fusion_builder_column_1_4 1_4 fusion-one-fourth fusion-column-first fusion-no-small-visibility\" style=\"--awb-bg-blend:overlay;--awb-bg-size:cover;width:25%;width:calc(25% - ( ( 4% ) * 0.25 ) );margin-right: 4%;\"><div class=\"fusion-column-wrapper fusion-column-has-shadow fusion-flex-column-wrapper-legacy\"><div class=\"fusion-widget-area awb-widget-area-element fusion-widget-area-1 fusion-content-widget-area\" style=\"--awb-title-size:22px;--awb-title-color:#303030;--awb-padding:0px 0px 0px 0px;\">\t\t\t<div class=\"textwidget\"><h3>Schule<\/h3>\n<\/div>\n\t\t<style type=\"text\/css\" data-id=\"avada-vertical-menu-widget-7\">#avada-vertical-menu-widget-7 > ul.menu { margin-top: -8px; }<\/style><style>#fusion-vertical-menu-widget-avada-vertical-menu-widget-7-nav ul.menu li a {font-size:14px;}<\/style><nav id=\"fusion-vertical-menu-widget-avada-vertical-menu-widget-7-nav\" class=\"fusion-vertical-menu-widget fusion-menu hover left no-border\" aria-label=\"Secondary Navigation: \"><ul id=\"menu-schule\" class=\"menu\"><li id=\"menu-item-689\" class=\"menu-item menu-item-type-post_type menu-item-object-page menu-item-689\"><a href=\"https:\/\/www.asf-brandenburg.de\/asf_wp\/lausitzer_haus_des_lernens\/\"><span class=\"link-text\"> Lausitzer Haus des Lernens<\/span><span class=\"arrow\"><\/span><\/a><\/li><li id=\"menu-item-900\" class=\"menu-item menu-item-type-post_type menu-item-object-page menu-item-has-children menu-item-900\"><a href=\"https:\/\/www.asf-brandenburg.de\/asf_wp\/lausitzer_haus_des_lernens\/aktuelles\/\"><span class=\"link-text\"> Aktuelles<\/span><span class=\"arrow\"><\/span><\/a><ul class=\"sub-menu\"><li id=\"menu-item-1141\" class=\"menu-item menu-item-type-post_type menu-item-object-page menu-item-1141\"><a href=\"https:\/\/www.asf-brandenburg.de\/asf_wp\/lausitzer_haus_des_lernens\/aktuelles\/kalender\/\"><span class=\"link-text\"> Kalender<\/span><span class=\"arrow\"><\/span><\/a><\/li><\/ul><\/li><li id=\"menu-item-380\" class=\"menu-item menu-item-type-post_type menu-item-object-page menu-item-380\"><a href=\"https:\/\/www.asf-brandenburg.de\/asf_wp\/lausitzer_haus_des_lernens\/vorschule\/\"><span class=\"link-text\"> Vorschule<\/span><span class=\"arrow\"><\/span><\/a><\/li><li id=\"menu-item-480\" class=\"menu-item menu-item-type-post_type menu-item-object-page menu-item-has-children menu-item-480\"><a href=\"https:\/\/www.asf-brandenburg.de\/asf_wp\/lausitzer_haus_des_lernens\/schulalltag\/\"><span class=\"link-text\"> Schulalltag<\/span><span class=\"arrow\"><\/span><\/a><ul class=\"sub-menu\"><li id=\"menu-item-432\" class=\"menu-item menu-item-type-post_type menu-item-object-page menu-item-432\"><a href=\"https:\/\/www.asf-brandenburg.de\/asf_wp\/?page_id=428\"><span class=\"link-text\"> AG Schulprogramm<\/span><span class=\"arrow\"><\/span><\/a><\/li><li id=\"menu-item-513\" class=\"menu-item menu-item-type-post_type menu-item-object-page menu-item-513\"><a href=\"https:\/\/www.asf-brandenburg.de\/asf_wp\/?page_id=511\"><span class=\"link-text\"> Elternkonferenz<\/span><span class=\"arrow\"><\/span><\/a><\/li><\/ul><\/li><li id=\"menu-item-454\" class=\"menu-item menu-item-type-post_type menu-item-object-page menu-item-454\"><a href=\"https:\/\/www.asf-brandenburg.de\/asf_wp\/lausitzer_haus_des_lernens\/gesunde-schule\/\"><span class=\"link-text\"> Gesunde Schule<\/span><span class=\"arrow\"><\/span><\/a><\/li><li id=\"menu-item-388\" class=\"menu-item menu-item-type-post_type menu-item-object-page menu-item-388\"><a href=\"https:\/\/www.asf-brandenburg.de\/asf_wp\/lausitzer_haus_des_lernens\/hort-lhl\/\"><span class=\"link-text\"> Hort des Lausitzer Haus des Lernens<\/span><span class=\"arrow\"><\/span><\/a><\/li><li id=\"menu-item-469\" class=\"menu-item menu-item-type-post_type menu-item-object-page menu-item-469\"><a href=\"https:\/\/www.asf-brandenburg.de\/asf_wp\/lausitzer_haus_des_lernens\/team\/\"><span class=\"link-text\"> Team<\/span><span class=\"arrow\"><\/span><\/a><\/li><li id=\"menu-item-4557\" class=\"menu-item menu-item-type-post_type menu-item-object-page menu-item-privacy-policy menu-item-4557\"><a rel=\"privacy-policy\" href=\"https:\/\/www.asf-brandenburg.de\/asf_wp\/datenschutzerklaerung\/\"><span class=\"link-text\"> Datenschutzerkl\u00e4rung<\/span><span class=\"arrow\"><\/span><\/a><\/li><\/ul><\/nav><div class=\"fusion-additional-widget-content\"><\/div><\/div><div class=\"fusion-clearfix\"><\/div><\/div><\/div>\n<div class=\"fusion-layout-column fusion_builder_column fusion-builder-column-1 fusion_builder_column_3_4 3_4 fusion-three-fourth fusion-column-last\" style=\"--awb-bg-blend:overlay;--awb-bg-size:cover;width:75%;width:calc(75% - ( ( 4% ) * 0.75 ) );\"><div class=\"fusion-column-wrapper fusion-flex-column-wrapper-legacy\"><div class=\"fusion-sep-clear\"><\/div><div class=\"fusion-separator fusion-full-width-sep\" style=\"margin-left: auto;margin-right: auto;margin-top:15px;margin-bottom:15px;width:100%;\"><\/div><div class=\"fusion-sep-clear\"><\/div><div class=\"fusion-image-element in-legacy-container\" style=\"--awb-caption-title-font-family:var(--h2_typography-font-family);--awb-caption-title-font-weight:var(--h2_typography-font-weight);--awb-caption-title-font-style:var(--h2_typography-font-style);--awb-caption-title-size:var(--h2_typography-font-size);--awb-caption-title-transform:var(--h2_typography-text-transform);--awb-caption-title-line-height:var(--h2_typography-line-height);--awb-caption-title-letter-spacing:var(--h2_typography-letter-spacing);\"><span class=\" fusion-imageframe imageframe-none imageframe-1 hover-type-none\"><img decoding=\"async\" width=\"2054\" height=\"826\" src=\"https:\/\/www.asf-brandenburg.de\/asf_wp\/wp-content\/uploads\/2024\/03\/siblings-playing-with-brain-teaser-toys-scaled-e1711367315187.jpg\" alt class=\"img-responsive wp-image-8545\" srcset=\"https:\/\/www.asf-brandenburg.de\/asf_wp\/wp-content\/uploads\/2024\/03\/siblings-playing-with-brain-teaser-toys-scaled-e1711367315187-200x80.jpg 200w, https:\/\/www.asf-brandenburg.de\/asf_wp\/wp-content\/uploads\/2024\/03\/siblings-playing-with-brain-teaser-toys-scaled-e1711367315187-400x161.jpg 400w, https:\/\/www.asf-brandenburg.de\/asf_wp\/wp-content\/uploads\/2024\/03\/siblings-playing-with-brain-teaser-toys-scaled-e1711367315187-600x241.jpg 600w, https:\/\/www.asf-brandenburg.de\/asf_wp\/wp-content\/uploads\/2024\/03\/siblings-playing-with-brain-teaser-toys-scaled-e1711367315187-800x322.jpg 800w, https:\/\/www.asf-brandenburg.de\/asf_wp\/wp-content\/uploads\/2024\/03\/siblings-playing-with-brain-teaser-toys-scaled-e1711367315187-1200x483.jpg 1200w, https:\/\/www.asf-brandenburg.de\/asf_wp\/wp-content\/uploads\/2024\/03\/siblings-playing-with-brain-teaser-toys-scaled-e1711367315187.jpg 2054w\" sizes=\"(max-width: 800px) 100vw, 1200px\" \/><\/span><\/div><div class=\"fusion-clearfix\"><\/div><\/div><\/div><div class=\"fusion-layout-column fusion_builder_column fusion-builder-column-2 fusion_builder_column_1_4 1_4 fusion-one-fourth fusion-column-first\" style=\"--awb-bg-size:cover;width:25%;width:calc(25% - ( ( 4% + 4% ) * 0.25 ) );margin-right: 4%;\"><div class=\"fusion-column-wrapper fusion-column-has-shadow fusion-flex-column-wrapper-legacy\"><div class=\"fusion-clearfix\"><\/div><\/div><\/div><div class=\"fusion-layout-column fusion_builder_column fusion-builder-column-3 fusion_builder_column_1_2 1_2 fusion-one-half\" style=\"--awb-bg-size:cover;width:50%;width:calc(50% - ( ( 4% + 4% ) * 0.5 ) );margin-right: 4%;\"><div class=\"fusion-column-wrapper fusion-column-has-shadow fusion-flex-column-wrapper-legacy\"><div class=\"fusion-title title fusion-title-1 fusion-sep-none fusion-title-text fusion-title-size-one\" style=\"--awb-margin-bottom:20px;--awb-margin-top-small:0px;--awb-margin-right-small:0px;--awb-margin-bottom-small:20px;--awb-margin-left-small:0px;\"><h1 class=\"fusion-title-heading title-heading-left fusion-responsive-typography-calculated\" style=\"margin:0;--fontSize:35;line-height:1.4;\">Hort des Lausitzer Haus des Lernens<\/h1><\/div><div class=\"fusion-text fusion-text-1\"><p><span id=\"zitat\" class=\"zitat\">\u00bbMan muss etwas, und sei es noch so wenig, f\u00fcr diejenigen tun, die Hilfe brauchen, etwas, was keinen Lohn bringt, sondern Freude, es tun zu d\u00fcrfen.\u00ab<\/span><br \/>\nAlbert Schweitzer<\/p>\n<\/div><div class=\"fusion-text fusion-text-2\"><h4>Unser Angebot:<\/h4>\n<ul>\n<li>Unsere p\u00e4dagogische Arbeit ist angelehnt an die Philosophie und Ethik Albert Schweitzers mit dem Sinngehalt: \u201eEhrfurcht vor dem Leben \u201c.<\/li>\n<\/ul>\n<ul>\n<li>Unser Team ist familienerg\u00e4nzend wirksam; unser Bestreben ist es, dass sich jedes Kind wohl f\u00fchlt.<\/li>\n<\/ul>\n<ul>\n<li>Wir bieten ein abwechslungsreiches Tages- und Ferienprogramm mit dem Ziel, den Erfahrungsschatz des Kindes zu erweitern und Erholung zu verschaffen.<\/li>\n<\/ul>\n<ul>\n<li>Mit regelm\u00e4\u00dfigen AGs zu den Themen T\u00f6pfern, Entspannung, Tanzen &amp; Theater st\u00e4rken wir die Interessen und Talente der Kinder.<\/li>\n<\/ul>\n<ul>\n<li>Wir begleiten das Erledigen der Hausaufgaben und stehen dazu in enger Abstimmung mit dem Lehrkr\u00e4ften des Kindes.<\/li>\n<\/ul>\n<ul>\n<li>Transparenz ist uns wichtig: Wir m\u00f6chten, dass Eltern und Familien unsere Arbeit und Leistung verst\u00e4ndlich vermitteln. Wir sehen sie als wichtigsten Partnerinnen und Partner mit dem gemeinsamen Ziel, eine bestm\u00f6gliche Bildung und Erziehung zu gestalten. Ihre Anregungen und Meinungen sind uns immer willkommen.<\/li>\n<\/ul>\n<\/div><div class=\"fusion-clearfix\"><\/div><\/div><\/div><div class=\"fusion-layout-column fusion_builder_column fusion-builder-column-4 fusion_builder_column_1_4 1_4 fusion-one-fourth fusion-column-last\" style=\"--awb-bg-size:cover;width:25%;width:calc(25% - ( ( 4% + 4% ) * 0.25 ) );\"><div class=\"fusion-column-wrapper fusion-column-has-shadow fusion-flex-column-wrapper-legacy\"><div class=\"fusion-menu-anchor\" id=\"download-schule\"><\/div><div class=\"fusion-reading-box-container reading-box-container-1\" style=\"--awb-title-color:#303030;--awb-margin-top:0px;--awb-margin-bottom:84px;\"><div class=\"reading-box\" style=\"background-color:#f6f6f6;border-width:1px;border-color:#f6f6f6;border-left-width:3px;border-left-color:var(--primary_color);border-style:solid;\"><h2>Kontakt<\/h2><div class=\"reading-box-additional fusion-reading-box-additional\">\n<p><strong>Hort Lausitzer Haus des Lernens<\/strong><\/p>\n<p>Gartenstra\u00dfe 18<br \/>\n03130 Spremberg<\/p>\n<p>E-Mail: <a href=\"mailto:hort-grundschule@asf-lhl.de\">hort-grundschule@asf-brandenburg.de<\/a><br \/>\nTelefon: 03563 34 96 82<br \/>\nFax: 03563 59 43 46<\/p>\n<p><strong>Ansprechpartnerinnen<\/strong><\/p>\n<p>Leiterin: <em>Lisa J\u00fcrgensen<\/em><em><br \/>\n<\/em><\/p>\n<\/div><div class=\"fusion-clearfix\"><\/div><\/div><\/div><div class=\"fusion-reading-box-container reading-box-container-2\" style=\"--awb-title-color:#303030;--awb-margin-top:0px;--awb-margin-bottom:84px;\"><div class=\"reading-box\" style=\"background-color:#f6f6f6;border-width:1px;border-color:#f6f6f6;border-left-width:3px;border-left-color:var(--primary_color);border-style:solid;\"><h2>Download<\/h2><div class=\"reading-box-additional fusion-reading-box-additional\">\n<ul>\n<li><a href=\"https:\/\/www.asf-brandenburg.de\/asf_wp\/wp-content\/uploads\/2019\/03\/Elternbeitragsordnung-Horte-Kita.pdf\"><span class=\"attachment-caption\">Elternbeitragsordnung Horte &amp; Kita<\/span><\/a><\/li>\n<li><a href=\"https:\/\/www.asf-brandenburg.de\/asf_wp\/wp-content\/uploads\/2024\/05\/Nachweis-einer-Berufstaetigkeit-1.pdf\">Nachweis einer Berufst\u00e4tigkeit<\/a><\/li>\n<li><a href=\"https:\/\/www.asf-brandenburg.de\/asf_wp\/wp-content\/uploads\/2024\/05\/Ermittlung-fuer-den-Rechtsanspruch-fuer-die-Hortbetreuung-1.pdf\">Ermittlung f\u00fcr den Rechtsanspruch f\u00fcr die Hortbetreuung<\/a><\/li>\n<li><a href=\"https:\/\/www.asf-brandenburg.de\/asf_wp\/wp-content\/uploads\/2024\/05\/Aenderung-der-Elterndaten.pdf\">\u00c4nderung der Elterndaten<\/a><\/li>\n<li><a href=\"https:\/\/www.asf-brandenburg.de\/asf_wp\/wp-content\/uploads\/2024\/05\/SEPA-Lastschriftmandat.pdf\">SEPA-Lastschriftmandat<\/a><\/li>\n<\/ul>\n<\/div><div class=\"fusion-clearfix\"><\/div><\/div><\/div><div class=\"fusion-clearfix\"><\/div><\/div><\/div><\/div><\/div><div class=\"fusion-fullwidth fullwidth-box fusion-builder-row-2 hundred-percent-fullwidth non-hundred-percent-height-scrolling\" style=\"--awb-border-radius-top-left:0px;--awb-border-radius-top-right:0px;--awb-border-radius-bottom-right:0px;--awb-border-radius-bottom-left:0px;--awb-padding-top:0px;--awb-padding-right:0px;--awb-padding-bottom:0px;--awb-padding-left:0px;--awb-margin-top:0px;--awb-margin-bottom:0px;--awb-flex-wrap:wrap;\" ><div class=\"fusion-builder-row fusion-row\"><\/div><\/div>\n","protected":false},"excerpt":{"rendered":"","protected":false},"author":1,"featured_media":0,"parent":373,"menu_order":108,"comment_status":"closed","ping_status":"closed","template":"100-width.php","meta":{"inline_featured_image":false,"footnotes":""},"class_list":["post-384","page","type-page","status-publish","hentry"],"yoast_head":"<!-- This site is optimized with the Yoast SEO plugin v27.4 - https:\/\/yoast.com\/product\/yoast-seo-wordpress\/ -->\n<title>Hort des Lausitzer Haus des Lernens - Albert-Schweitzer-Familienwerk Brandenburg e.V.<\/title>\n<meta name=\"description\" content=\"Erziehungs- und Familienberatungsstelle des Albert-Schweitzer-Familienwerkes Brandenburg e.V.\" \/>\n<meta name=\"robots\" content=\"index, follow, max-snippet:-1, max-image-preview:large, max-video-preview:-1\" \/>\n<link rel=\"canonical\" href=\"https:\/\/www.asf-brandenburg.de\/asf_wp\/lausitzer_haus_des_lernens\/hort-lhl\/\" \/>\n<meta property=\"og:locale\" content=\"de_DE\" \/>\n<meta property=\"og:type\" content=\"article\" \/>\n<meta property=\"og:title\" content=\"Hort des Lausitzer Haus des Lernens - Albert-Schweitzer-Familienwerk Brandenburg e.V.\" \/>\n<meta property=\"og:description\" content=\"Erziehungs- und Familienberatungsstelle des Albert-Schweitzer-Familienwerkes Brandenburg e.V.\" \/>\n<meta property=\"og:url\" content=\"https:\/\/www.asf-brandenburg.de\/asf_wp\/lausitzer_haus_des_lernens\/hort-lhl\/\" \/>\n<meta property=\"og:site_name\" content=\"Albert-Schweitzer-Familienwerk Brandenburg e.V.\" \/>\n<meta property=\"article:publisher\" content=\"https:\/\/www.facebook.com\/AlbertSchweitzerFamilienwerkBrandenburg\" \/>\n<meta property=\"article:modified_time\" content=\"2026-04-14T10:55:36+00:00\" \/>\n<meta name=\"twitter:card\" content=\"summary_large_image\" \/>\n<meta name=\"twitter:label1\" content=\"Gesch\u00e4tzte Lesezeit\" \/>\n\t<meta name=\"twitter:data1\" content=\"2\u00a0Minuten\" \/>\n<script type=\"application\/ld+json\" class=\"yoast-schema-graph\">{\"@context\":\"https:\\\/\\\/schema.org\",\"@graph\":[{\"@type\":\"WebPage\",\"@id\":\"https:\\\/\\\/www.asf-brandenburg.de\\\/asf_wp\\\/lausitzer_haus_des_lernens\\\/hort-lhl\\\/\",\"url\":\"https:\\\/\\\/www.asf-brandenburg.de\\\/asf_wp\\\/lausitzer_haus_des_lernens\\\/hort-lhl\\\/\",\"name\":\"Hort des Lausitzer Haus des Lernens - Albert-Schweitzer-Familienwerk Brandenburg e.V.\",\"isPartOf\":{\"@id\":\"https:\\\/\\\/www.asf-brandenburg.de\\\/asf_wp\\\/#website\"},\"datePublished\":\"2019-03-14T09:27:18+00:00\",\"dateModified\":\"2026-04-14T10:55:36+00:00\",\"description\":\"Erziehungs- und Familienberatungsstelle des Albert-Schweitzer-Familienwerkes Brandenburg e.V.\",\"breadcrumb\":{\"@id\":\"https:\\\/\\\/www.asf-brandenburg.de\\\/asf_wp\\\/lausitzer_haus_des_lernens\\\/hort-lhl\\\/#breadcrumb\"},\"inLanguage\":\"de\",\"potentialAction\":[{\"@type\":\"ReadAction\",\"target\":[\"https:\\\/\\\/www.asf-brandenburg.de\\\/asf_wp\\\/lausitzer_haus_des_lernens\\\/hort-lhl\\\/\"]}]},{\"@type\":\"BreadcrumbList\",\"@id\":\"https:\\\/\\\/www.asf-brandenburg.de\\\/asf_wp\\\/lausitzer_haus_des_lernens\\\/hort-lhl\\\/#breadcrumb\",\"itemListElement\":[{\"@type\":\"ListItem\",\"position\":1,\"name\":\"Startseite\",\"item\":\"https:\\\/\\\/www.asf-brandenburg.de\\\/asf_wp\\\/\"},{\"@type\":\"ListItem\",\"position\":2,\"name\":\"Lausitzer Haus des Lernens\",\"item\":\"https:\\\/\\\/www.asf-brandenburg.de\\\/asf_wp\\\/lausitzer_haus_des_lernens\\\/\"},{\"@type\":\"ListItem\",\"position\":3,\"name\":\"Hort des Lausitzer Haus des Lernens\"}]},{\"@type\":\"WebSite\",\"@id\":\"https:\\\/\\\/www.asf-brandenburg.de\\\/asf_wp\\\/#website\",\"url\":\"https:\\\/\\\/www.asf-brandenburg.de\\\/asf_wp\\\/\",\"name\":\"Albert-Schweitzer-Kinderd\u00f6rfer und Familienwerke Brandenburg e. V.\",\"description\":\"\",\"publisher\":{\"@id\":\"https:\\\/\\\/www.asf-brandenburg.de\\\/asf_wp\\\/#organization\"},\"potentialAction\":[{\"@type\":\"SearchAction\",\"target\":{\"@type\":\"EntryPoint\",\"urlTemplate\":\"https:\\\/\\\/www.asf-brandenburg.de\\\/asf_wp\\\/?s={search_term_string}\"},\"query-input\":{\"@type\":\"PropertyValueSpecification\",\"valueRequired\":true,\"valueName\":\"search_term_string\"}}],\"inLanguage\":\"de\"},{\"@type\":\"Organization\",\"@id\":\"https:\\\/\\\/www.asf-brandenburg.de\\\/asf_wp\\\/#organization\",\"name\":\"Albert-Schweitzer-Familienwerk Brandenburg e. V.\",\"url\":\"https:\\\/\\\/www.asf-brandenburg.de\\\/asf_wp\\\/\",\"logo\":{\"@type\":\"ImageObject\",\"inLanguage\":\"de\",\"@id\":\"https:\\\/\\\/www.asf-brandenburg.de\\\/asf_wp\\\/#\\\/schema\\\/logo\\\/image\\\/\",\"url\":\"https:\\\/\\\/www.asf-brandenburg.de\\\/asf_wp\\\/wp-content\\\/uploads\\\/2018\\\/08\\\/Logo_ASF_BRB_318x107.png\",\"contentUrl\":\"https:\\\/\\\/www.asf-brandenburg.de\\\/asf_wp\\\/wp-content\\\/uploads\\\/2018\\\/08\\\/Logo_ASF_BRB_318x107.png\",\"width\":318,\"height\":107,\"caption\":\"Albert-Schweitzer-Familienwerk Brandenburg e. V.\"},\"image\":{\"@id\":\"https:\\\/\\\/www.asf-brandenburg.de\\\/asf_wp\\\/#\\\/schema\\\/logo\\\/image\\\/\"},\"sameAs\":[\"https:\\\/\\\/www.facebook.com\\\/AlbertSchweitzerFamilienwerkBrandenburg\",\"https:\\\/\\\/www.youtube.com\\\/@asfbrandenburg\",\"https:\\\/\\\/www.instagram.com\\\/asf_brandenburg\\\/\"]}]}<\/script>\n<!-- \/ Yoast SEO plugin. -->","yoast_head_json":{"title":"Hort des Lausitzer Haus des Lernens - Albert-Schweitzer-Familienwerk Brandenburg e.V.","description":"Erziehungs- und Familienberatungsstelle des Albert-Schweitzer-Familienwerkes Brandenburg e.V.","robots":{"index":"index","follow":"follow","max-snippet":"max-snippet:-1","max-image-preview":"max-image-preview:large","max-video-preview":"max-video-preview:-1"},"canonical":"https:\/\/www.asf-brandenburg.de\/asf_wp\/lausitzer_haus_des_lernens\/hort-lhl\/","og_locale":"de_DE","og_type":"article","og_title":"Hort des Lausitzer Haus des Lernens - Albert-Schweitzer-Familienwerk Brandenburg e.V.","og_description":"Erziehungs- und Familienberatungsstelle des Albert-Schweitzer-Familienwerkes Brandenburg e.V.","og_url":"https:\/\/www.asf-brandenburg.de\/asf_wp\/lausitzer_haus_des_lernens\/hort-lhl\/","og_site_name":"Albert-Schweitzer-Familienwerk Brandenburg e.V.","article_publisher":"https:\/\/www.facebook.com\/AlbertSchweitzerFamilienwerkBrandenburg","article_modified_time":"2026-04-14T10:55:36+00:00","twitter_card":"summary_large_image","twitter_misc":{"Gesch\u00e4tzte Lesezeit":"2\u00a0Minuten"},"schema":{"@context":"https:\/\/schema.org","@graph":[{"@type":"WebPage","@id":"https:\/\/www.asf-brandenburg.de\/asf_wp\/lausitzer_haus_des_lernens\/hort-lhl\/","url":"https:\/\/www.asf-brandenburg.de\/asf_wp\/lausitzer_haus_des_lernens\/hort-lhl\/","name":"Hort des Lausitzer Haus des Lernens - Albert-Schweitzer-Familienwerk Brandenburg e.V.","isPartOf":{"@id":"https:\/\/www.asf-brandenburg.de\/asf_wp\/#website"},"datePublished":"2019-03-14T09:27:18+00:00","dateModified":"2026-04-14T10:55:36+00:00","description":"Erziehungs- und Familienberatungsstelle des Albert-Schweitzer-Familienwerkes Brandenburg e.V.","breadcrumb":{"@id":"https:\/\/www.asf-brandenburg.de\/asf_wp\/lausitzer_haus_des_lernens\/hort-lhl\/#breadcrumb"},"inLanguage":"de","potentialAction":[{"@type":"ReadAction","target":["https:\/\/www.asf-brandenburg.de\/asf_wp\/lausitzer_haus_des_lernens\/hort-lhl\/"]}]},{"@type":"BreadcrumbList","@id":"https:\/\/www.asf-brandenburg.de\/asf_wp\/lausitzer_haus_des_lernens\/hort-lhl\/#breadcrumb","itemListElement":[{"@type":"ListItem","position":1,"name":"Startseite","item":"https:\/\/www.asf-brandenburg.de\/asf_wp\/"},{"@type":"ListItem","position":2,"name":"Lausitzer Haus des Lernens","item":"https:\/\/www.asf-brandenburg.de\/asf_wp\/lausitzer_haus_des_lernens\/"},{"@type":"ListItem","position":3,"name":"Hort des Lausitzer Haus des Lernens"}]},{"@type":"WebSite","@id":"https:\/\/www.asf-brandenburg.de\/asf_wp\/#website","url":"https:\/\/www.asf-brandenburg.de\/asf_wp\/","name":"Albert-Schweitzer-Kinderd\u00f6rfer und Familienwerke Brandenburg e. V.","description":"","publisher":{"@id":"https:\/\/www.asf-brandenburg.de\/asf_wp\/#organization"},"potentialAction":[{"@type":"SearchAction","target":{"@type":"EntryPoint","urlTemplate":"https:\/\/www.asf-brandenburg.de\/asf_wp\/?s={search_term_string}"},"query-input":{"@type":"PropertyValueSpecification","valueRequired":true,"valueName":"search_term_string"}}],"inLanguage":"de"},{"@type":"Organization","@id":"https:\/\/www.asf-brandenburg.de\/asf_wp\/#organization","name":"Albert-Schweitzer-Familienwerk Brandenburg e. V.","url":"https:\/\/www.asf-brandenburg.de\/asf_wp\/","logo":{"@type":"ImageObject","inLanguage":"de","@id":"https:\/\/www.asf-brandenburg.de\/asf_wp\/#\/schema\/logo\/image\/","url":"https:\/\/www.asf-brandenburg.de\/asf_wp\/wp-content\/uploads\/2018\/08\/Logo_ASF_BRB_318x107.png","contentUrl":"https:\/\/www.asf-brandenburg.de\/asf_wp\/wp-content\/uploads\/2018\/08\/Logo_ASF_BRB_318x107.png","width":318,"height":107,"caption":"Albert-Schweitzer-Familienwerk Brandenburg e. V."},"image":{"@id":"https:\/\/www.asf-brandenburg.de\/asf_wp\/#\/schema\/logo\/image\/"},"sameAs":["https:\/\/www.facebook.com\/AlbertSchweitzerFamilienwerkBrandenburg","https:\/\/www.youtube.com\/@asfbrandenburg","https:\/\/www.instagram.com\/asf_brandenburg\/"]}]}},"_links":{"self":[{"href":"https:\/\/www.asf-brandenburg.de\/asf_wp\/wp-json\/wp\/v2\/pages\/384","targetHints":{"allow":["GET"]}}],"collection":[{"href":"https:\/\/www.asf-brandenburg.de\/asf_wp\/wp-json\/wp\/v2\/pages"}],"about":[{"href":"https:\/\/www.asf-brandenburg.de\/asf_wp\/wp-json\/wp\/v2\/types\/page"}],"author":[{"embeddable":true,"href":"https:\/\/www.asf-brandenburg.de\/asf_wp\/wp-json\/wp\/v2\/users\/1"}],"replies":[{"embeddable":true,"href":"https:\/\/www.asf-brandenburg.de\/asf_wp\/wp-json\/wp\/v2\/comments?post=384"}],"version-history":[{"count":18,"href":"https:\/\/www.asf-brandenburg.de\/asf_wp\/wp-json\/wp\/v2\/pages\/384\/revisions"}],"predecessor-version":[{"id":10417,"href":"https:\/\/www.asf-brandenburg.de\/asf_wp\/wp-json\/wp\/v2\/pages\/384\/revisions\/10417"}],"up":[{"embeddable":true,"href":"https:\/\/www.asf-brandenburg.de\/asf_wp\/wp-json\/wp\/v2\/pages\/373"}],"wp:attachment":[{"href":"https:\/\/www.asf-brandenburg.de\/asf_wp\/wp-json\/wp\/v2\/media?parent=384"}],"curies":[{"name":"wp","href":"https:\/\/api.w.org\/{rel}","templated":true}]}}